  {"id":325,"date":"2014-09-25T12:18:44","date_gmt":"2014-09-25T16:18:44","guid":{"rendered":"http:\/\/www.ramapo.edu\/literature-new\/?page_id=325"},"modified":"2025-11-13T11:40:59","modified_gmt":"2025-11-13T16:40:59","slug":"co-ops-internships","status":"publish","type":"page","link":"https:\/\/www.ramapo.edu\/hgs\/convening-group-webs\/english-literary-studies-major\/career-opportunities\/co-ops-internships\/","title":{"rendered":"Co-ops and Internships"},"content":{"rendered":"<p>Students may consider taking either a \u201cco-op\u201d or an internship in Literature (or both).<\/p>\n<p><strong>CO-OPS:<\/strong> Cooperative Education is a credit-bearing program places students in positions related to their educational and career goals. Cooperative Education integrates academic learning with faculty supervised work experiences in both public and private sectors.<\/p>\n<p><strong>INTERNSHIPS:<\/strong> An internship is defined as a pre-professional hands-on experience in an area in which the student has achieved some measure of competence or interest.<\/p>\n<p><strong>FOR MORE INFORMATION ABOUT CO-OPS AND INTERNSHIPS IN LITERATURE, VISIT THE CAHILL CENTER (ROOM C 209) OR TALK TO YOUR LITERATURE ADVISOR.<\/strong><\/p>\n<h4 style=\"clear: both\"><strong>Students interested in a co-op or internship will need to prepare a r\u00e9sum\u00e9:<\/strong><\/h4>\n<p>R\u00e9sum\u00e9s give prospective employers their most concrete impression of who you are, where you\u2019ve been, and how you will benefit their institution. Therefore, your r\u00e9sum\u00e9 is a sort of surrogate for you, advocating for you in your absence. Your r\u00e9sum\u00e9 is the tool you will use to advocate for yourself.<br \/>\n<strong>As you write your r\u00e9sum\u00e9, consider the following concerns: <\/strong><\/p>\n<ul>\n<li>Tailor your r\u00e9sum\u00e9 to the type of position you are seeking.<\/li>\n<li>Emphasize what you consider your strengths and skills\u2013promote those assets you bring to the job.<\/li>\n<li>Focus on the specifics of your experience: itemize your skills-specify individual aspects of previous positions. For example, rather than writing \u201cAssisted Manager,\u201d write \u201cscheduled weekly hours for 5 employees\u201d or \u201cresponded to approximately 50 email inquiries per day.\u201d<\/li>\n<\/ul>\n<p><strong>For more on r\u00e9sum\u00e9, click <a title=\" here\" href=\"https:\/\/www.ramapo.edu\/careercenter\/resume\/\">here<\/a>.<\/strong><\/p>\n<h4><strong>Useful information for beginning your co-op\/internship experience:<\/strong><\/h4>\n<p>How to write a <a href=\"https:\/\/www.ramapo.edu\/hgs\/wp-content\/uploads\/sites\/12\/2014\/09\/Co-op-Guidelines.doc\">resume, cover letter, thank you note<\/a> (DOC).<\/p>\n","protected":false},"excerpt":{"rendered":"<p>Students may consider taking either a \u201cco-op\u201d or an internship in Literature (or both). CO-OPS: Cooperative Education is a credit-bearing program places students in positions related to their educational and career goals. Cooperative Education integrates academic learning with faculty supervised work experiences in both public and private sectors. INTERNSHIPS: An internship is defined as a [&hellip;]<\/p>\n","protected":false},"author":65,"featured_media":0,"parent":16,"menu_order":0,"comment_status":"open","ping_status":"open","template":"","meta":{"footnotes":""},"class_list":["post-325","page","type-page","status-publish","hentry"],"yoast_head":"<!-- This site is optimized with the Yoast SEO Premium plugin v21.5 (Yoast SEO v27.1.1) - https:\/\/yoast.com\/product\/yoast-seo-premium-wordpress\/ -->\n<title>Co-ops and Internships - School of Humanities and Global Studies (HGS) || Ramapo College of New Jersey<\/title>\n<meta name=\"robots\" content=\"index, follow, max-snippet:-1, max-image-preview:large, max-video-preview:-1\" \/>\n<link rel=\"canonical\" href=\"https:\/\/www.ramapo.edu\/hgs\/convening-group-webs\/english-literary-studies-major\/career-opportunities\/co-ops-internships\/\" \/>\n<meta property=\"og:locale\" content=\"en_US\" \/>\n<meta property=\"og:type\" content=\"article\" \/>\n<meta property=\"og:title\" content=\"Co-ops and Internships\" \/>\n<meta property=\"og:description\" content=\"Students may consider taking either a \u201cco-op\u201d or an internship in Literature (or both). CO-OPS: Cooperative Education is a credit-bearing program places students in positions related to their educational and career goals. Cooperative Education integrates academic learning with faculty supervised work experiences in both public and private sectors. INTERNSHIPS: An internship is defined as a [&hellip;]\" \/>\n<meta property=\"og:url\" content=\"https:\/\/www.ramapo.edu\/hgs\/convening-group-webs\/english-literary-studies-major\/career-opportunities\/co-ops-internships\/\" \/>\n<meta property=\"og:site_name\" content=\"School of Humanities and Global Studies (HGS)\" \/>\n<meta property=\"article:publisher\" content=\"https:\/\/www.facebook.com\/RamapoCollege\" \/>\n<meta property=\"article:modified_time\" content=\"2025-11-13T16:40:59+00:00\" \/>\n<meta name=\"twitter:card\" content=\"summary_large_image\" \/>\n<meta name=\"twitter:site\" content=\"@ramapocollegenj\" \/>\n<meta name=\"twitter:label1\" content=\"Est. reading time\" \/>\n\t<meta name=\"twitter:data1\" content=\"2 minutes\" \/>\n<script type=\"application\/ld+json\" class=\"yoast-schema-graph\">{\"@context\":\"https:\/\/schema.org\",\"@graph\":[{\"@type\":\"WebPage\",\"@id\":\"https:\/\/www.ramapo.edu\/hgs\/convening-group-webs\/english-literary-studies-major\/career-opportunities\/co-ops-internships\/\",\"url\":\"https:\/\/www.ramapo.edu\/hgs\/convening-group-webs\/english-literary-studies-major\/career-opportunities\/co-ops-internships\/\",\"name\":\"Co-ops and Internships - School of Humanities and Global Studies (HGS) || Ramapo College of New Jersey\",\"isPartOf\":{\"@id\":\"https:\/\/www.ramapo.edu\/hgs\/#website\"},\"datePublished\":\"2014-09-25T16:18:44+00:00\",\"dateModified\":\"2025-11-13T16:40:59+00:00\",\"breadcrumb\":{\"@id\":\"https:\/\/www.ramapo.edu\/hgs\/convening-group-webs\/english-literary-studies-major\/career-opportunities\/co-ops-internships\/#breadcrumb\"},\"inLanguage\":\"en-US\",\"potentialAction\":[{\"@type\":\"ReadAction\",\"target\":[\"https:\/\/www.ramapo.edu\/hgs\/convening-group-webs\/english-literary-studies-major\/career-opportunities\/co-ops-internships\/\"]}]},{\"@type\":\"BreadcrumbList\",\"@id\":\"https:\/\/www.ramapo.edu\/hgs\/convening-group-webs\/english-literary-studies-major\/career-opportunities\/co-ops-internships\/#breadcrumb\",\"itemListElement\":[{\"@type\":\"ListItem\",\"position\":1,\"name\":\"Ramapo College of New Jersey Home Page \u00bb Academics \u00bb HGS\",\"item\":\"https:\/\/www.ramapo.edu\/hgs\/\"},{\"@type\":\"ListItem\",\"position\":2,\"name\":\"Convening Group Websites\",\"item\":\"https:\/\/www.ramapo.edu\/hgs\/convening-group-webs\/\"},{\"@type\":\"ListItem\",\"position\":3,\"name\":\"English &#038; Literary Studies Major\",\"item\":\"https:\/\/www.ramapo.edu\/hgs\/convening-group-webs\/english-literary-studies-major\/\"},{\"@type\":\"ListItem\",\"position\":4,\"name\":\"Career &amp; Opportunities\",\"item\":\"https:\/\/www.ramapo.edu\/hgs\/convening-group-webs\/english-literary-studies-major\/career-opportunities\/\"},{\"@type\":\"ListItem\",\"position\":5,\"name\":\"Co-ops and Internships\"}]},{\"@type\":\"WebSite\",\"@id\":\"https:\/\/www.ramapo.edu\/hgs\/#website\",\"url\":\"https:\/\/www.ramapo.edu\/hgs\/\",\"name\":\"School of Humanities and Global Studies (HGS)\",\"description\":\"\",\"potentialAction\":[{\"@type\":\"SearchAction\",\"target\":{\"@type\":\"EntryPoint\",\"urlTemplate\":\"https:\/\/www.ramapo.edu\/hgs\/?s={search_term_string}\"},\"query-input\":{\"@type\":\"PropertyValueSpecification\",\"valueRequired\":true,\"valueName\":\"search_term_string\"}}],\"inLanguage\":\"en-US\"}]}<\/script>\n<!-- \/ Yoast SEO Premium plugin. -->","yoast_head_json":{"title":"Co-ops and Internships - School of Humanities and Global Studies (HGS) || Ramapo College of New Jersey","robots":{"index":"index","follow":"follow","max-snippet":"max-snippet:-1","max-image-preview":"max-image-preview:large","max-video-preview":"max-video-preview:-1"},"canonical":"https:\/\/www.ramapo.edu\/hgs\/convening-group-webs\/english-literary-studies-major\/career-opportunities\/co-ops-internships\/","og_locale":"en_US","og_type":"article","og_title":"Co-ops and Internships","og_description":"Students may consider taking either a \u201cco-op\u201d or an internship in Literature (or both). CO-OPS: Cooperative Education is a credit-bearing program places students in positions related to their educational and career goals. Cooperative Education integrates academic learning with faculty supervised work experiences in both public and private sectors. INTERNSHIPS: An internship is defined as a [&hellip;]","og_url":"https:\/\/www.ramapo.edu\/hgs\/convening-group-webs\/english-literary-studies-major\/career-opportunities\/co-ops-internships\/","og_site_name":"School of Humanities and Global Studies (HGS)","article_publisher":"https:\/\/www.facebook.com\/RamapoCollege","article_modified_time":"2025-11-13T16:40:59+00:00","twitter_card":"summary_large_image","twitter_site":"@ramapocollegenj","twitter_misc":{"Est. reading time":"2 minutes"},"schema":{"@context":"https:\/\/schema.org","@graph":[{"@type":"WebPage","@id":"https:\/\/www.ramapo.edu\/hgs\/convening-group-webs\/english-literary-studies-major\/career-opportunities\/co-ops-internships\/","url":"https:\/\/www.ramapo.edu\/hgs\/convening-group-webs\/english-literary-studies-major\/career-opportunities\/co-ops-internships\/","name":"Co-ops and Internships - School of Humanities and Global Studies (HGS) || Ramapo College of New Jersey","isPartOf":{"@id":"https:\/\/www.ramapo.edu\/hgs\/#website"},"datePublished":"2014-09-25T16:18:44+00:00","dateModified":"2025-11-13T16:40:59+00:00","breadcrumb":{"@id":"https:\/\/www.ramapo.edu\/hgs\/convening-group-webs\/english-literary-studies-major\/career-opportunities\/co-ops-internships\/#breadcrumb"},"inLanguage":"en-US","potentialAction":[{"@type":"ReadAction","target":["https:\/\/www.ramapo.edu\/hgs\/convening-group-webs\/english-literary-studies-major\/career-opportunities\/co-ops-internships\/"]}]},{"@type":"BreadcrumbList","@id":"https:\/\/www.ramapo.edu\/hgs\/convening-group-webs\/english-literary-studies-major\/career-opportunities\/co-ops-internships\/#breadcrumb","itemListElement":[{"@type":"ListItem","position":1,"name":"Ramapo College of New Jersey Home Page \u00bb Academics \u00bb HGS","item":"https:\/\/www.ramapo.edu\/hgs\/"},{"@type":"ListItem","position":2,"name":"Convening Group Websites","item":"https:\/\/www.ramapo.edu\/hgs\/convening-group-webs\/"},{"@type":"ListItem","position":3,"name":"English &#038; Literary Studies Major","item":"https:\/\/www.ramapo.edu\/hgs\/convening-group-webs\/english-literary-studies-major\/"},{"@type":"ListItem","position":4,"name":"Career &amp; Opportunities","item":"https:\/\/www.ramapo.edu\/hgs\/convening-group-webs\/english-literary-studies-major\/career-opportunities\/"},{"@type":"ListItem","position":5,"name":"Co-ops and Internships"}]},{"@type":"WebSite","@id":"https:\/\/www.ramapo.edu\/hgs\/#website","url":"https:\/\/www.ramapo.edu\/hgs\/","name":"School of Humanities and Global Studies (HGS)","description":"","potentialAction":[{"@type":"SearchAction","target":{"@type":"EntryPoint","urlTemplate":"https:\/\/www.ramapo.edu\/hgs\/?s={search_term_string}"},"query-input":{"@type":"PropertyValueSpecification","valueRequired":true,"valueName":"search_term_string"}}],"inLanguage":"en-US"}]}},"_links":{"self":[{"href":"https:\/\/www.ramapo.edu\/hgs\/wp-json\/wp\/v2\/pages\/325","targetHints":{"allow":["GET"]}}],"collection":[{"href":"https:\/\/www.ramapo.edu\/hgs\/wp-json\/wp\/v2\/pages"}],"about":[{"href":"https:\/\/www.ramapo.edu\/hgs\/wp-json\/wp\/v2\/types\/page"}],"author":[{"embeddable":true,"href":"https:\/\/www.ramapo.edu\/hgs\/wp-json\/wp\/v2\/users\/65"}],"replies":[{"embeddable":true,"href":"https:\/\/www.ramapo.edu\/hgs\/wp-json\/wp\/v2\/comments?post=325"}],"version-history":[{"count":3,"href":"https:\/\/www.ramapo.edu\/hgs\/wp-json\/wp\/v2\/pages\/325\/revisions"}],"predecessor-version":[{"id":6310,"href":"https:\/\/www.ramapo.edu\/hgs\/wp-json\/wp\/v2\/pages\/325\/revisions\/6310"}],"up":[{"embeddable":true,"href":"https:\/\/www.ramapo.edu\/hgs\/wp-json\/wp\/v2\/pages\/16"}],"wp:attachment":[{"href":"https:\/\/www.ramapo.edu\/hgs\/wp-json\/wp\/v2\/media?parent=325"}],"curies":[{"name":"wp","href":"https:\/\/api.w.org\/{rel}","templated":true}]}}